{"id":59,"date":"2017-12-25T19:23:41","date_gmt":"2017-12-25T18:23:41","guid":{"rendered":"http:\/\/new.notima.se\/wprs\/?page_id=59"},"modified":"2022-01-20T17:13:08","modified_gmt":"2022-01-20T16:13:08","slug":"loner","status":"publish","type":"page","link":"https:\/\/ekonomibolaget.se\/wprs\/services\/loner\/","title":{"rendered":"L\u00f6ner"},"content":{"rendered":"<p>Om ni har anst\u00e4llda kan vi sk\u00f6ta er l\u00f6nehantering. Detta innefattar bl a<\/p>\n<ul>\n<li>Hantering av <a href=\"http:\/\/ekonomibolaget.se\/wprs\/anstallningsavtal\/\">anst\u00e4llningsavtal<\/a><\/li>\n<li>L\u00f6nek\u00f6rningar<\/li>\n<li>Semesterhantering<\/li>\n<li>F\u00f6rm\u00e5ner<\/li>\n<li>Kontrolluppgifter<\/li>\n<li>Avslut<\/li>\n<li><a href=\"http:\/\/ekonomibolaget.se\/wprs\/services\/loner\/vaxa-stod\/\">V\u00e4xa-st\u00f6d<\/a><\/li>\n<\/ul>\n<p>F\u00f6r att f\u00e5 koll p\u00e5 vad l\u00f6ner kostar kan ni anv\u00e4nda v\u00e5r <a href=\"http:\/\/ekonomibolaget.se\/wprs\/lonekostnadskalkylator\/\">l\u00f6nekostnadskalylator<\/a>.<\/p>\n\n\n<h2>Belopp f\u00f6r 2022<\/h2>\n\n\n\n<p>Prisbasbelopp: 48 300 kr<br>Inkomstbasbelopp: 71 000 kr<\/p>\n\n\n\n<p>Max pensionsgrundande inkomst (PGI):  532 500 kr motsv 44 375 kr\/m\u00e5n<br>Brytpunkt f\u00f6r statlig skatt &lt;65 \u00e5r: 554 900 kr motsv 46 242 kr\/m\u00e5n<\/p>\n","protected":false},"excerpt":{"rendered":"<p>Om ni har anst\u00e4llda kan vi sk\u00f6ta er l\u00f6nehantering. Detta innefattar bl a Hantering av anst\u00e4llningsavtal L\u00f6nek\u00f6rningar Semesterhantering F\u00f6rm\u00e5ner Kontrolluppgifter Avslut V\u00e4xa-st\u00f6d F\u00f6r att f\u00e5 koll p\u00e5 vad l\u00f6ner kostar kan ni anv\u00e4nda v\u00e5r l\u00f6nekostnadskalylator. Belopp f\u00f6r 2022 Prisbasbelopp: 48 300 krInkomstbasbelopp: 71 000 kr Max pensionsgrundande inkomst (PGI): 532 500 kr motsv 44 375 &hellip; <a href=\"https:\/\/ekonomibolaget.se\/wprs\/services\/loner\/\" class=\"more-link\">Forts\u00e4tt l\u00e4sa<span class=\"screen-reader-text\"> &#8221;L\u00f6ner&#8221;<\/span><\/a><\/p>\n","protected":false},"author":1,"featured_media":0,"parent":2,"menu_order":50,"comment_status":"closed","ping_status":"closed","template":"","meta":[],"_links":{"self":[{"href":"https:\/\/ekonomibolaget.se\/wprs\/wp-json\/wp\/v2\/pages\/59"}],"collection":[{"href":"https:\/\/ekonomibolaget.se\/wprs\/wp-json\/wp\/v2\/pages"}],"about":[{"href":"https:\/\/ekonomibolaget.se\/wprs\/wp-json\/wp\/v2\/types\/page"}],"author":[{"embeddable":true,"href":"https:\/\/ekonomibolaget.se\/wprs\/wp-json\/wp\/v2\/users\/1"}],"replies":[{"embeddable":true,"href":"https:\/\/ekonomibolaget.se\/wprs\/wp-json\/wp\/v2\/comments?post=59"}],"version-history":[{"count":9,"href":"https:\/\/ekonomibolaget.se\/wprs\/wp-json\/wp\/v2\/pages\/59\/revisions"}],"predecessor-version":[{"id":643,"href":"https:\/\/ekonomibolaget.se\/wprs\/wp-json\/wp\/v2\/pages\/59\/revisions\/643"}],"up":[{"embeddable":true,"href":"https:\/\/ekonomibolaget.se\/wprs\/wp-json\/wp\/v2\/pages\/2"}],"wp:attachment":[{"href":"https:\/\/ekonomibolaget.se\/wprs\/wp-json\/wp\/v2\/media?parent=59"}],"curies":[{"name":"wp","href":"https:\/\/api.w.org\/{rel}","templated":true}]}}