{"id":609,"date":"2021-04-04T15:27:37","date_gmt":"2021-04-04T13:27:37","guid":{"rendered":"http:\/\/ekonomibolaget.se\/wprs\/?page_id=609"},"modified":"2025-02-25T12:28:35","modified_gmt":"2025-02-25T11:28:35","slug":"att-tanka-pa-infor-er-arsredovisning","status":"publish","type":"page","link":"https:\/\/ekonomibolaget.se\/wprs\/services\/arsredovisning\/att-tanka-pa-infor-er-arsredovisning\/","title":{"rendered":"Att t\u00e4nka p\u00e5 inf\u00f6r er \u00e5rsredovisning"},"content":{"rendered":"\n<p>Vi tar fram er \u00e5rsredovisning sifferm\u00e4ssigt. Det finns dock information som ni b\u00f6r tillhandah\u00e5lla s\u00e5 att vi kan ta fram en \u00e5rsredovisning enligt era \u00f6nskem\u00e5l.<\/p>\n\n\n\n<ul><li><a href=\"#forvaltningsberattelse\">F\u00f6rvaltningsber\u00e4ttelse<\/a><\/li><li><a href=\"#tantiem\">Tantiem<\/a><\/li><li><a href=\"#koncernbidrag\">Koncernbidrag<\/a><\/li><li><a href=\"#periodiseringsfonder\">Periodiseringsfonder<\/a><\/li><li><a href=\"#utdelning\">Utdelning<\/a><\/li><\/ul>\n\n\n\n<h3 id=\"forvaltningsberattelse\">F\u00f6rvaltningsber\u00e4ttelse och v\u00e4sentliga h\u00e4ndelser<\/h3>\n\n\n\n<p>F\u00f6rvaltningsber\u00e4ttelsen inneh\u00e5ller dels en generell beskrivning om verksamheten och dels information om hur verksamheten g\u00e5r.<\/p>\n\n\n\n<p>Den generella beskrivningen av vad bolaget g\u00f6r g\u00e5r ofta att hitta i olika bolagsregister. Det kan dock vara en id\u00e9 att vara lite mer utf\u00f6rlig i f\u00f6rvaltningsber\u00e4ttelsen.<\/p>\n\n\n\n<p>Man ska beskriva ifall n\u00e5gra v\u00e4sentliga h\u00e4ndelser har intr\u00e4ffat under \u00e5ret. N\u00e5gra &#8221;vanliga&#8221; v\u00e4sentliga h\u00e4ndelser \u00e4r <\/p>\n\n\n\n<ul><li>\u00d6kning eller minskning av oms\u00e4ttningen (mer \u00e4n 30% brukar anses v\u00e4sentligt)<\/li><li>Byte och\/eller ut\u00f6kning\/minskning av verksamhet<\/li><li>\u00c4garf\u00f6r\u00e4ndringar<\/li><li>Namn\u00e4ndring<\/li><li>Uppk\u00f6p av andra bolag<\/li><li><a href=\"https:\/\/ekonomibolaget.se\/wprs\/om-oss\/associationsformer\/aktiebolag\/eget-kapital-i-aktiebolag\/\" data-type=\"page\" data-id=\"336\">Kapitalbrist eller \u00e5terst\u00e4llande av kapitalbrist<\/a><\/li><li>Nyemission<\/li><\/ul>\n\n\n\n<p>Vi kan hj\u00e4lpa er att formulera f\u00f6rvaltningsber\u00e4ttelsen, men det \u00e4r ni som bolags\u00e4gare som vet vad som h\u00e4nt och varf\u00f6r. D\u00e4rf\u00f6r \u00e4r ni b\u00e4st l\u00e4mpade att g\u00f6ra denna beskrivning.<\/p>\n\n\n\n<h3 id=\"tantiem\">Tantiem<\/h3>\n\n\n\n<p>Tantiem \u00e4r en slags bonus som kan utg\u00e5 till t ex bolagets ledning utifr\u00e5n bolagets resultat f\u00f6r \u00e5ret. Tantiemet betalas ut som l\u00f6n n\u00e4stkommande \u00e5r men f\u00e5r kostnadsf\u00f6ras innevarande r\u00e4kenskaps\u00e5r.<\/p>\n\n\n\n<h3 id=\"koncernbidrag\">Koncernbidrag<\/h3>\n\n\n\n<p>Om bolaget ing\u00e5r i en koncern kan det vara id\u00e9 att se om koncernbidrag \u00e4r l\u00e4mpligt. Se v\u00e5r sida om <a href=\"https:\/\/ekonomibolaget.se\/wprs\/services\/deklarationer\/koncernbidrag\/\" data-type=\"page\" data-id=\"779\">koncernbidrag<\/a>.<\/p>\n\n\n\n<h3 id=\"periodiseringsfonder\">Periodiseringsfonder<\/h3>\n\n\n\n<p>Periodiseringsfonder \u00e4r ett s\u00e4tt att undanta en viss del av vinsten fr\u00e5n bolagsskatt. Fonderna kallas f\u00f6r &#8221;obeskattade reserver&#8221;. De kan ses som en del av det egna kapitalet men med skillnaden att det \u00e4r obeskattat och inte kan delas ut.<\/p>\n\n\n\n<p>En viss &#8221;r\u00e4nta&#8221; i form av bolagsskatt tas ut p\u00e5 obeskattade reserver. I korthet kan man s\u00e4ga att periodiseringsfonder \u00e4r ett s\u00e4tt att dels \u00f6ka bolagets likviditet och dels kunna spara vinst f\u00f6r att kunna kvitta den vid ett f\u00f6rlust\u00e5r.<\/p>\n\n\n\n<p>Om ni har behov av att kunna kvitta en vinst mot en kommande f\u00f6rlust och\/eller vill skjuta upp att betala en del av skatten pga likviditetssk\u00e4l \u00e4r det en god id\u00e9 med periodiseringsfonder. <\/p>\n\n\n\n<h3 id=\"utdelning\">Utdelning<\/h3>\n\n\n\n<p>Om bolaget har tillr\u00e4ckligt med fritt eget kapital och tillr\u00e4ckligt med likvida medel (pengar p\u00e5 banken) kan man i \u00e5rsredovisningen besluta om utdelning. Detta beslut \u00e4r ert och inget vi kan g\u00f6ra \u00e5t er. Vi beh\u00f6ver d\u00e4rf\u00f6r veta om ni vill ha utdelning och hur mycket.<\/p>\n\n\n\n<p>N\u00e4r vi har tagit fram \u00e5rets resultat inklusive \u00e5rets skatt har vi de siffror som beh\u00f6vs f\u00f6r att kunna besluta om utdelning.<\/p>\n\n\n\n<p>S\u00e5 l\u00e4nge det finns fritt eget kapital och likvida medel s\u00e5 g\u00e5r utdelning att besluta i efterhand. Om ni inte \u00e4r s\u00e4ker p\u00e5 ifall ni vill ta ut utdelning g\u00e5r det allts\u00e5 att v\u00e4nta.<\/p>\n\n\n\n<p><\/p>\n","protected":false},"excerpt":{"rendered":"<p>Vi tar fram er \u00e5rsredovisning sifferm\u00e4ssigt. Det finns dock information som ni b\u00f6r tillhandah\u00e5lla s\u00e5 att vi kan ta fram en \u00e5rsredovisning enligt era \u00f6nskem\u00e5l. F\u00f6rvaltningsber\u00e4ttelse Tantiem Koncernbidrag Periodiseringsfonder Utdelning F\u00f6rvaltningsber\u00e4ttelse och v\u00e4sentliga h\u00e4ndelser F\u00f6rvaltningsber\u00e4ttelsen inneh\u00e5ller dels en generell beskrivning om verksamheten och dels information om hur verksamheten g\u00e5r. Den generella beskrivningen av vad bolaget &hellip; <a href=\"https:\/\/ekonomibolaget.se\/wprs\/services\/arsredovisning\/att-tanka-pa-infor-er-arsredovisning\/\" class=\"more-link\">Forts\u00e4tt l\u00e4sa<span class=\"screen-reader-text\"> &#8221;Att t\u00e4nka p\u00e5 inf\u00f6r er \u00e5rsredovisning&#8221;<\/span><\/a><\/p>\n","protected":false},"author":1,"featured_media":0,"parent":45,"menu_order":0,"comment_status":"closed","ping_status":"closed","template":"","meta":[],"_links":{"self":[{"href":"https:\/\/ekonomibolaget.se\/wprs\/wp-json\/wp\/v2\/pages\/609"}],"collection":[{"href":"https:\/\/ekonomibolaget.se\/wprs\/wp-json\/wp\/v2\/pages"}],"about":[{"href":"https:\/\/ekonomibolaget.se\/wprs\/wp-json\/wp\/v2\/types\/page"}],"author":[{"embeddable":true,"href":"https:\/\/ekonomibolaget.se\/wprs\/wp-json\/wp\/v2\/users\/1"}],"replies":[{"embeddable":true,"href":"https:\/\/ekonomibolaget.se\/wprs\/wp-json\/wp\/v2\/comments?post=609"}],"version-history":[{"count":4,"href":"https:\/\/ekonomibolaget.se\/wprs\/wp-json\/wp\/v2\/pages\/609\/revisions"}],"predecessor-version":[{"id":897,"href":"https:\/\/ekonomibolaget.se\/wprs\/wp-json\/wp\/v2\/pages\/609\/revisions\/897"}],"up":[{"embeddable":true,"href":"https:\/\/ekonomibolaget.se\/wprs\/wp-json\/wp\/v2\/pages\/45"}],"wp:attachment":[{"href":"https:\/\/ekonomibolaget.se\/wprs\/wp-json\/wp\/v2\/media?parent=609"}],"curies":[{"name":"wp","href":"https:\/\/api.w.org\/{rel}","templated":true}]}}