{"id":614,"date":"2021-04-19T09:41:57","date_gmt":"2021-04-19T07:41:57","guid":{"rendered":"http:\/\/ekonomibolaget.se\/wprs\/?page_id=614"},"modified":"2021-04-19T09:44:41","modified_gmt":"2021-04-19T07:44:41","slug":"ladda-upp-stora-filer","status":"publish","type":"page","link":"https:\/\/ekonomibolaget.se\/wprs\/kontakta-oss\/lamna-material\/ladda-upp-stora-filer\/","title":{"rendered":"Ladda upp stora filer"},"content":{"rendered":"\n<p>Om det \u00e4r opraktiskt att p\u00e5 annat s\u00e4tt skicka \u00f6ver material kan ni ladda upp materialet till oss via nedan formul\u00e4r.<\/p>\n\n\n\n<p>Vi f\u00e5r en notis om att materialet \u00e4r uppladdat. Avs\u00e4ndaradress och beskrivning \u00e4r n\u00f6dv\u00e4ndigt f\u00f6r att vi skall kunna identifiera materialet ordentligt.<\/p>\n\n\n\n<div><h3>Ladda upp fil<\/h3><table><form novalidate><tr><td>Avs\u00e4ndaradress<\/td><td><input class=\"formElement\" required type=\"email\" id=\"email-input\"\/><\/td><\/tr><tr><td>Beskrivning<\/td><td><textarea class=\"formElement\" id=\"desc-input\"><\/textarea><\/td><\/tr><tr><td>Fil<\/td><td><input class=\"formElement\" required type=\"file\" id=\"file-input\"\/><\/td><\/tr><\/form><tr><td><button class=\"formElement\" onclick=\"sendFile()\">Skicka<\/button><\/td><td><progress class=\"status\" id=\"statusUploading\">Loading&#8230;<\/progress><span class=\"status\" id=\"statusMsg\">Fil.txt har skickats<\/span><span class=\"status\" id=\"statusError\">Epost addressen \u00e4r ogiltig<\/span><\/td><\/tr><\/table><\/div>\n","protected":false},"excerpt":{"rendered":"<p>Om det \u00e4r opraktiskt att p\u00e5 annat s\u00e4tt skicka \u00f6ver material kan ni ladda upp materialet till oss via nedan formul\u00e4r. Vi f\u00e5r en notis om att materialet \u00e4r uppladdat. Avs\u00e4ndaradress och beskrivning \u00e4r n\u00f6dv\u00e4ndigt f\u00f6r att vi skall kunna identifiera materialet ordentligt.<\/p>\n","protected":false},"author":1,"featured_media":0,"parent":216,"menu_order":0,"comment_status":"closed","ping_status":"closed","template":"","meta":[],"_links":{"self":[{"href":"https:\/\/ekonomibolaget.se\/wprs\/wp-json\/wp\/v2\/pages\/614"}],"collection":[{"href":"https:\/\/ekonomibolaget.se\/wprs\/wp-json\/wp\/v2\/pages"}],"about":[{"href":"https:\/\/ekonomibolaget.se\/wprs\/wp-json\/wp\/v2\/types\/page"}],"author":[{"embeddable":true,"href":"https:\/\/ekonomibolaget.se\/wprs\/wp-json\/wp\/v2\/users\/1"}],"replies":[{"embeddable":true,"href":"https:\/\/ekonomibolaget.se\/wprs\/wp-json\/wp\/v2\/comments?post=614"}],"version-history":[{"count":2,"href":"https:\/\/ekonomibolaget.se\/wprs\/wp-json\/wp\/v2\/pages\/614\/revisions"}],"predecessor-version":[{"id":616,"href":"https:\/\/ekonomibolaget.se\/wprs\/wp-json\/wp\/v2\/pages\/614\/revisions\/616"}],"up":[{"embeddable":true,"href":"https:\/\/ekonomibolaget.se\/wprs\/wp-json\/wp\/v2\/pages\/216"}],"wp:attachment":[{"href":"https:\/\/ekonomibolaget.se\/wprs\/wp-json\/wp\/v2\/media?parent=614"}],"curies":[{"name":"wp","href":"https:\/\/api.w.org\/{rel}","templated":true}]}}