{"id":66,"date":"2017-12-25T19:42:06","date_gmt":"2017-12-25T18:42:06","guid":{"rendered":"http:\/\/new.notima.se\/wprs\/?page_id=66"},"modified":"2020-10-10T13:26:53","modified_gmt":"2020-10-10T11:26:53","slug":"deklarationer","status":"publish","type":"page","link":"https:\/\/ekonomibolaget.se\/wprs\/services\/deklarationer\/","title":{"rendered":"Deklarationer"},"content":{"rendered":"<p><img loading=\"lazy\" class=\"alignright size-full wp-image-145\" src=\"https:\/\/ekonomibolaget.se\/wprs\/wp-content\/uploads\/2018\/03\/Deklaration_bw-800px.png\" alt=\"Deklaration\" width=\"800\" height=\"444\" srcset=\"https:\/\/ekonomibolaget.se\/wprs\/wp-content\/uploads\/2018\/03\/Deklaration_bw-800px.png 800w, https:\/\/ekonomibolaget.se\/wprs\/wp-content\/uploads\/2018\/03\/Deklaration_bw-800px-300x167.png 300w, https:\/\/ekonomibolaget.se\/wprs\/wp-content\/uploads\/2018\/03\/Deklaration_bw-800px-768x426.png 768w\" sizes=\"(max-width: 800px) 85vw, 800px\" \/>Vi hanterar deklarationer f\u00f6r bolag och privatpersoner. Det \u00e4r bl a f\u00f6ljande deklarationer<\/p>\n<ul>\n<li>Inkomstdeklaration 1 (inkomstdeklaration f\u00f6r privatperson)<\/li>\n<li>Inkomstdeklaration 2 (inkomstdeklaration f\u00f6r aktiebolag)<\/li>\n<li>Inkomstdeklaration 3 (inkomstdeklaration f\u00f6r f\u00f6reningar)<\/li>\n<li>Momsdeklaration inkl periodisk sammanst\u00e4llning.<\/li>\n<li>Arbetsgivardeklaration inkl kontrolluppgifter.<\/li>\n<\/ul>\n\n\n<p>Det \u00e4r absolut enklast att hantera era deklarationer som <a href=\"https:\/\/ekonomibolaget.se\/wprs\/services\/deklarationer\/deklarationsombud\/\" data-type=\"page\" data-id=\"250\">ert deklarationsombud<\/a>.<\/p>\n","protected":false},"excerpt":{"rendered":"<p>Vi hanterar deklarationer f\u00f6r bolag och privatpersoner. Det \u00e4r bl a f\u00f6ljande deklarationer Inkomstdeklaration 1 (inkomstdeklaration f\u00f6r privatperson) Inkomstdeklaration 2 (inkomstdeklaration f\u00f6r aktiebolag) Inkomstdeklaration 3 (inkomstdeklaration f\u00f6r f\u00f6reningar) Momsdeklaration inkl periodisk sammanst\u00e4llning. Arbetsgivardeklaration inkl kontrolluppgifter. Det \u00e4r absolut enklast att hantera era deklarationer som ert deklarationsombud.<\/p>\n","protected":false},"author":1,"featured_media":0,"parent":2,"menu_order":110,"comment_status":"closed","ping_status":"closed","template":"","meta":[],"_links":{"self":[{"href":"https:\/\/ekonomibolaget.se\/wprs\/wp-json\/wp\/v2\/pages\/66"}],"collection":[{"href":"https:\/\/ekonomibolaget.se\/wprs\/wp-json\/wp\/v2\/pages"}],"about":[{"href":"https:\/\/ekonomibolaget.se\/wprs\/wp-json\/wp\/v2\/types\/page"}],"author":[{"embeddable":true,"href":"https:\/\/ekonomibolaget.se\/wprs\/wp-json\/wp\/v2\/users\/1"}],"replies":[{"embeddable":true,"href":"https:\/\/ekonomibolaget.se\/wprs\/wp-json\/wp\/v2\/comments?post=66"}],"version-history":[{"count":4,"href":"https:\/\/ekonomibolaget.se\/wprs\/wp-json\/wp\/v2\/pages\/66\/revisions"}],"predecessor-version":[{"id":450,"href":"https:\/\/ekonomibolaget.se\/wprs\/wp-json\/wp\/v2\/pages\/66\/revisions\/450"}],"up":[{"embeddable":true,"href":"https:\/\/ekonomibolaget.se\/wprs\/wp-json\/wp\/v2\/pages\/2"}],"wp:attachment":[{"href":"https:\/\/ekonomibolaget.se\/wprs\/wp-json\/wp\/v2\/media?parent=66"}],"curies":[{"name":"wp","href":"https:\/\/api.w.org\/{rel}","templated":true}]}}