{"id":679,"date":"2023-03-20T12:09:21","date_gmt":"2023-03-20T11:09:21","guid":{"rendered":"http:\/\/ekonomibolaget.se\/wprs\/?page_id=679"},"modified":"2024-08-15T09:26:36","modified_gmt":"2024-08-15T07:26:36","slug":"revision-tjansteproduktblad","status":"publish","type":"page","link":"https:\/\/ekonomibolaget.se\/wprs\/services\/revision\/revision-tjansteproduktblad\/","title":{"rendered":"Revision &#8211; Tj\u00e4nsteproduktblad"},"content":{"rendered":"\n<p>Vi kan agera revisor i f\u00f6reningar som saknar krav p\u00e5 auktoriserad revisor. Auktoriserad revisor kr\u00e4vs en av punkterna nedan \u00e4r uppfyllda de senaste tv\u00e5 \u00e5ren:<\/p>\n\n\n\n<ul><li>Mer \u00e4n 80 Mkr i oms\u00e4ttning<\/li><li>Balansomslutning h\u00f6gre \u00e4n 40 Mkr<\/li><li>Mer \u00e4n 50 anst\u00e4llda.<\/li><\/ul>\n\n\n\n<p>Vi kan ge en prisuppskattning f\u00f6r revision d\u00e4r f\u00f6ljande ing\u00e5r<\/p>\n\n\n\n<ul><li>Granskning av resultat och balansr\u00e4kning.<\/li><li>Granskning av alla balansposter och tillh\u00f6rande underlag f\u00f6r att styrka balanserna.<\/li><li>Stickprov p\u00e5 leverant\u00f6rsfakturor och andra redovisningsh\u00e4ndelser.<\/li><li>Granskning av \u00e5rsredovisning i f\u00f6rh\u00e5llande till \u00f6vriga punkter.<\/li><li>Revisionsber\u00e4ttelse.<\/li><\/ul>\n\n\n\n<p>Det uppskattade priset g\u00e4ller f\u00f6rutsatt att vi erh\u00e5ller n\u00f6dv\u00e4ndigt material avl\u00e4mnat hos oss samt att inga oegentligheter uppt\u00e4cks.<\/p>\n\n\n\n<p>Om en oren revisionsber\u00e4ttelse beh\u00f6ver avges och\/eller ytterligare efterforskningar beh\u00f6ver g\u00f6ras ifall r\u00e4kenskaperna \u00e4r oklara kan inneb\u00e4ra att prisuppskattningen \u00f6verskrids.<\/p>\n","protected":false},"excerpt":{"rendered":"<p>Vi kan agera revisor i f\u00f6reningar som saknar krav p\u00e5 auktoriserad revisor. Auktoriserad revisor kr\u00e4vs en av punkterna nedan \u00e4r uppfyllda de senaste tv\u00e5 \u00e5ren: Mer \u00e4n 80 Mkr i oms\u00e4ttning Balansomslutning h\u00f6gre \u00e4n 40 Mkr Mer \u00e4n 50 anst\u00e4llda. Vi kan ge en prisuppskattning f\u00f6r revision d\u00e4r f\u00f6ljande ing\u00e5r Granskning av resultat och balansr\u00e4kning. &hellip; <a href=\"https:\/\/ekonomibolaget.se\/wprs\/services\/revision\/revision-tjansteproduktblad\/\" class=\"more-link\">Forts\u00e4tt l\u00e4sa<span class=\"screen-reader-text\"> &#8221;Revision &#8211; Tj\u00e4nsteproduktblad&#8221;<\/span><\/a><\/p>\n","protected":false},"author":1,"featured_media":0,"parent":56,"menu_order":0,"comment_status":"closed","ping_status":"closed","template":"","meta":[],"_links":{"self":[{"href":"https:\/\/ekonomibolaget.se\/wprs\/wp-json\/wp\/v2\/pages\/679"}],"collection":[{"href":"https:\/\/ekonomibolaget.se\/wprs\/wp-json\/wp\/v2\/pages"}],"about":[{"href":"https:\/\/ekonomibolaget.se\/wprs\/wp-json\/wp\/v2\/types\/page"}],"author":[{"embeddable":true,"href":"https:\/\/ekonomibolaget.se\/wprs\/wp-json\/wp\/v2\/users\/1"}],"replies":[{"embeddable":true,"href":"https:\/\/ekonomibolaget.se\/wprs\/wp-json\/wp\/v2\/comments?post=679"}],"version-history":[{"count":4,"href":"https:\/\/ekonomibolaget.se\/wprs\/wp-json\/wp\/v2\/pages\/679\/revisions"}],"predecessor-version":[{"id":845,"href":"https:\/\/ekonomibolaget.se\/wprs\/wp-json\/wp\/v2\/pages\/679\/revisions\/845"}],"up":[{"embeddable":true,"href":"https:\/\/ekonomibolaget.se\/wprs\/wp-json\/wp\/v2\/pages\/56"}],"wp:attachment":[{"href":"https:\/\/ekonomibolaget.se\/wprs\/wp-json\/wp\/v2\/media?parent=679"}],"curies":[{"name":"wp","href":"https:\/\/api.w.org\/{rel}","templated":true}]}}