{"id":697,"date":"2023-05-17T10:57:01","date_gmt":"2023-05-17T08:57:01","guid":{"rendered":"http:\/\/ekonomibolaget.se\/wprs\/?page_id=697"},"modified":"2023-05-17T10:59:45","modified_gmt":"2023-05-17T08:59:45","slug":"engagemangsbesked","status":"publish","type":"page","link":"https:\/\/ekonomibolaget.se\/wprs\/services\/arsredovisning\/engagemangsbesked\/","title":{"rendered":"Engagemangsbesked"},"content":{"rendered":"\n<p>F\u00f6r revisionen beh\u00f6vs ett engagemangsbesked fr\u00e5n banken. Syftet \u00e4r att revisorerna p\u00e5 ett enkelt och s\u00e4kert s\u00e4tt skall kunna s\u00e4kerst\u00e4lla bolagets medel p\u00e5 banken.<\/p>\n\n\n\n<p>Vanligtvis skall engagemangsbeskedet skickas direkt till revisorn och p\u00e5 t ex SEB och Handelsbanken kan man best\u00e4lla beskedet via internetbanken.<\/p>\n\n\n\n<h3>Handelsbanken<\/h3>\n\n\n\n<figure class=\"wp-block-image size-large\"><img loading=\"lazy\" width=\"1001\" height=\"728\" src=\"https:\/\/ekonomibolaget.se\/wprs\/wp-content\/uploads\/2023\/05\/image.png\" alt=\"\" class=\"wp-image-698\" srcset=\"https:\/\/ekonomibolaget.se\/wprs\/wp-content\/uploads\/2023\/05\/image.png 1001w, https:\/\/ekonomibolaget.se\/wprs\/wp-content\/uploads\/2023\/05\/image-300x218.png 300w, https:\/\/ekonomibolaget.se\/wprs\/wp-content\/uploads\/2023\/05\/image-768x559.png 768w\" sizes=\"(max-width: 709px) 85vw, (max-width: 909px) 67vw, (max-width: 1362px) 62vw, 840px\" \/><\/figure>\n\n\n\n<figure class=\"wp-block-image size-large\"><img loading=\"lazy\" width=\"936\" height=\"609\" src=\"https:\/\/ekonomibolaget.se\/wprs\/wp-content\/uploads\/2023\/05\/image-1.png\" alt=\"\" class=\"wp-image-699\" srcset=\"https:\/\/ekonomibolaget.se\/wprs\/wp-content\/uploads\/2023\/05\/image-1.png 936w, https:\/\/ekonomibolaget.se\/wprs\/wp-content\/uploads\/2023\/05\/image-1-300x195.png 300w, https:\/\/ekonomibolaget.se\/wprs\/wp-content\/uploads\/2023\/05\/image-1-768x500.png 768w\" sizes=\"(max-width: 709px) 85vw, (max-width: 909px) 67vw, (max-width: 1362px) 62vw, 840px\" \/><\/figure>\n\n\n\n<p>N\u00e4r du trycker p\u00e5 best\u00e4ll kommer ett nytt formul\u00e4r upp.<\/p>\n\n\n\n<p>Se till att v\u00e4lja att engagemangsbeskedet skickas till en annan mottagare och var noga med att datumet \u00e4r slutet p\u00e5 r\u00e4kenskaps\u00e5ret. Se nedan exempel:<\/p>\n\n\n\n<figure class=\"wp-block-image size-large\"><img loading=\"lazy\" width=\"751\" height=\"700\" src=\"https:\/\/ekonomibolaget.se\/wprs\/wp-content\/uploads\/2023\/05\/image-2.png\" alt=\"\" class=\"wp-image-700\" srcset=\"https:\/\/ekonomibolaget.se\/wprs\/wp-content\/uploads\/2023\/05\/image-2.png 751w, https:\/\/ekonomibolaget.se\/wprs\/wp-content\/uploads\/2023\/05\/image-2-300x280.png 300w\" sizes=\"(max-width: 751px) 85vw, 751px\" \/><\/figure>\n","protected":false},"excerpt":{"rendered":"<p>F\u00f6r revisionen beh\u00f6vs ett engagemangsbesked fr\u00e5n banken. Syftet \u00e4r att revisorerna p\u00e5 ett enkelt och s\u00e4kert s\u00e4tt skall kunna s\u00e4kerst\u00e4lla bolagets medel p\u00e5 banken. Vanligtvis skall engagemangsbeskedet skickas direkt till revisorn och p\u00e5 t ex SEB och Handelsbanken kan man best\u00e4lla beskedet via internetbanken. Handelsbanken N\u00e4r du trycker p\u00e5 best\u00e4ll kommer ett nytt formul\u00e4r upp. &hellip; <a href=\"https:\/\/ekonomibolaget.se\/wprs\/services\/arsredovisning\/engagemangsbesked\/\" class=\"more-link\">Forts\u00e4tt l\u00e4sa<span class=\"screen-reader-text\"> &#8221;Engagemangsbesked&#8221;<\/span><\/a><\/p>\n","protected":false},"author":1,"featured_media":0,"parent":45,"menu_order":0,"comment_status":"closed","ping_status":"closed","template":"","meta":[],"_links":{"self":[{"href":"https:\/\/ekonomibolaget.se\/wprs\/wp-json\/wp\/v2\/pages\/697"}],"collection":[{"href":"https:\/\/ekonomibolaget.se\/wprs\/wp-json\/wp\/v2\/pages"}],"about":[{"href":"https:\/\/ekonomibolaget.se\/wprs\/wp-json\/wp\/v2\/types\/page"}],"author":[{"embeddable":true,"href":"https:\/\/ekonomibolaget.se\/wprs\/wp-json\/wp\/v2\/users\/1"}],"replies":[{"embeddable":true,"href":"https:\/\/ekonomibolaget.se\/wprs\/wp-json\/wp\/v2\/comments?post=697"}],"version-history":[{"count":1,"href":"https:\/\/ekonomibolaget.se\/wprs\/wp-json\/wp\/v2\/pages\/697\/revisions"}],"predecessor-version":[{"id":701,"href":"https:\/\/ekonomibolaget.se\/wprs\/wp-json\/wp\/v2\/pages\/697\/revisions\/701"}],"up":[{"embeddable":true,"href":"https:\/\/ekonomibolaget.se\/wprs\/wp-json\/wp\/v2\/pages\/45"}],"wp:attachment":[{"href":"https:\/\/ekonomibolaget.se\/wprs\/wp-json\/wp\/v2\/media?parent=697"}],"curies":[{"name":"wp","href":"https:\/\/api.w.org\/{rel}","templated":true}]}}