{"id":71,"date":"2017-12-25T19:45:35","date_gmt":"2017-12-25T18:45:35","guid":{"rendered":"http:\/\/new.notima.se\/wprs\/?page_id=71"},"modified":"2026-01-29T19:31:44","modified_gmt":"2026-01-29T18:31:44","slug":"ranta-egen-inlaning-i-aktiebolag","status":"publish","type":"page","link":"https:\/\/ekonomibolaget.se\/wprs\/om-oss\/skattefragor\/ranta-egen-inlaning-i-aktiebolag\/","title":{"rendered":"R\u00e4nta egen inl\u00e5ning i aktiebolag"},"content":{"rendered":"<p>Som aktie\u00e4gare d\u00e4r man har ett betydande inflytande kan man ta r\u00e4nta p\u00e5 egen inl\u00e5ning.<\/p>\n<p>Den maximala r\u00e4ntan p\u00e5 riskfri inl\u00e5ning som man f\u00e5r ta ut \u00e4r enligt prejudicerande domar = <a href=\"https:\/\/sv.wikipedia.org\/wiki\/Statsl%C3%A5ner%C3%A4nta\">Statsl\u00e5ner\u00e4ntan<\/a> + 3 %<\/p>\n<p><strong>Statsl\u00e5ner\u00e4ntor<\/strong><\/p>\n<table>\n<tbody>\n<tr>\n<td><strong>\u00c5r<\/strong><\/td>\n<td><strong>SLR<\/strong><\/td>\n<td><strong>Till\u00e5ten*<\/strong><br \/><strong>r\u00e4nta<\/strong><\/td>\n<\/tr>\n<tr>\n<td>2025<\/td>\n<td>2,36 %<\/td>\n<td>5,36 %<\/td>\n<\/tr>\n<tr>\n<td>2024<\/td>\n<td>2,15 %<\/td>\n<td>5,15 %<\/td>\n<\/tr>\n<tr>\n<td>2023<\/td>\n<td>2,48 %<\/td>\n<td>5,48 %<\/td>\n<\/tr>\n<tr>\n<td>2022<\/td>\n<td>1,46 %<\/td>\n<td>4,46 %<\/td>\n<\/tr>\n<tr>\n<td>2021<\/td>\n<td>0,16 %<\/td>\n<td>3,16 %<\/td>\n<\/tr>\n<tr>\n<td>2020<\/td>\n<td>-0,07 %<\/td>\n<td>2,93 %<\/td>\n<\/tr>\n<tr>\n<td>2019<\/td>\n<td>0,03 %<\/td>\n<td>3,03 %<\/td>\n<\/tr>\n<tr>\n<td>2018<\/td>\n<td>0,48 %<\/td>\n<td>3,48 %<\/td>\n<\/tr>\n<tr>\n<td>2017<\/td>\n<td>0,51 %<\/td>\n<td>3,51 %<\/td>\n<\/tr>\n<tr>\n<td>2016<\/td>\n<td>0,34 %<\/td>\n<td>3,34 %<\/td>\n<\/tr>\n<tr>\n<td>2015<\/td>\n<td>0,58 %<\/td>\n<td>3,58 %<\/td>\n<\/tr>\n<tr>\n<td>2014<\/td>\n<td>1,62 %<\/td>\n<td>4,62 %<\/td>\n<\/tr>\n<tr>\n<td>2013<\/td>\n<td>2,01 %<\/td>\n<td>5,01 %<\/td>\n<\/tr>\n<tr>\n<td>2012<\/td>\n<td>1,52 %<\/td>\n<td>4,52 %<\/td>\n<\/tr>\n<\/tbody>\n<\/table>\n\n\n<p class=\"has-drop-cap\">* Det finns ingen lagtext som exakt specificerar den till\u00e5tna r\u00e4ntan utan den har framkommit i olika prejudicerande domar. Detta betyder att det \u00e4r en bed\u00f6mningsfr\u00e5ga fr\u00e5n fall till fall. Spannet SLR + 1-5% brukar n\u00e4mnas. M\u00e5nga rekommenderar SLR + 1% f\u00f6r att vara s\u00e4ker. &#8221;\u00d6verr\u00e4nta&#8221; skall hanteras som utdelning.    <\/p>\n","protected":false},"excerpt":{"rendered":"<p>Som aktie\u00e4gare d\u00e4r man har ett betydande inflytande kan man ta r\u00e4nta p\u00e5 egen inl\u00e5ning. Den maximala r\u00e4ntan p\u00e5 riskfri inl\u00e5ning som man f\u00e5r ta ut \u00e4r enligt prejudicerande domar = Statsl\u00e5ner\u00e4ntan + 3 % Statsl\u00e5ner\u00e4ntor \u00c5r SLR Till\u00e5ten*r\u00e4nta 2025 2,36 % 5,36 % 2024 2,15 % 5,15 % 2023 2,48 % 5,48 % 2022 &hellip; <a href=\"https:\/\/ekonomibolaget.se\/wprs\/om-oss\/skattefragor\/ranta-egen-inlaning-i-aktiebolag\/\" class=\"more-link\">Forts\u00e4tt l\u00e4sa<span class=\"screen-reader-text\"> &#8221;R\u00e4nta egen inl\u00e5ning i aktiebolag&#8221;<\/span><\/a><\/p>\n","protected":false},"author":1,"featured_media":0,"parent":61,"menu_order":0,"comment_status":"closed","ping_status":"closed","template":"","meta":[],"_links":{"self":[{"href":"https:\/\/ekonomibolaget.se\/wprs\/wp-json\/wp\/v2\/pages\/71"}],"collection":[{"href":"https:\/\/ekonomibolaget.se\/wprs\/wp-json\/wp\/v2\/pages"}],"about":[{"href":"https:\/\/ekonomibolaget.se\/wprs\/wp-json\/wp\/v2\/types\/page"}],"author":[{"embeddable":true,"href":"https:\/\/ekonomibolaget.se\/wprs\/wp-json\/wp\/v2\/users\/1"}],"replies":[{"embeddable":true,"href":"https:\/\/ekonomibolaget.se\/wprs\/wp-json\/wp\/v2\/comments?post=71"}],"version-history":[{"count":10,"href":"https:\/\/ekonomibolaget.se\/wprs\/wp-json\/wp\/v2\/pages\/71\/revisions"}],"predecessor-version":[{"id":930,"href":"https:\/\/ekonomibolaget.se\/wprs\/wp-json\/wp\/v2\/pages\/71\/revisions\/930"}],"up":[{"embeddable":true,"href":"https:\/\/ekonomibolaget.se\/wprs\/wp-json\/wp\/v2\/pages\/61"}],"wp:attachment":[{"href":"https:\/\/ekonomibolaget.se\/wprs\/wp-json\/wp\/v2\/media?parent=71"}],"curies":[{"name":"wp","href":"https:\/\/api.w.org\/{rel}","templated":true}]}}