{"id":718,"date":"2023-07-06T11:20:52","date_gmt":"2023-07-06T09:20:52","guid":{"rendered":"http:\/\/ekonomibolaget.se\/wprs\/?page_id=718"},"modified":"2024-10-11T15:40:58","modified_gmt":"2024-10-11T13:40:58","slug":"avstamning-mot-banken-svea-fortnox","status":"publish","type":"page","link":"https:\/\/ekonomibolaget.se\/wprs\/avstamning-mot-banken-svea-fortnox\/","title":{"rendered":"Avst\u00e4mning mot bank &#8211; Svea e-handel \/ Fortnox"},"content":{"rendered":"\n<p><a href=\"https:\/\/ekonomibolaget.se\/wprs\/services\/lopande-redovisning\/betalvaxlar\/svea-webpay\/automatisk-avstamning-svea-webpay\/svea-webpay-fortnox\/?customize_changeset_uuid=78d9208a-b635-4738-839d-d9d274d5c2c2&amp;customize_messenger_channel=preview-0\">Fortnox-integrationen<\/a>&nbsp;mot Svea Bank bokf\u00f6r som standard utbetalningar som skickas fr\u00e5n Svea Bank mot konto 1990.<\/p>\n\n\n\n<p>Bokf\u00f6ringsdatumet \u00e4r det datum d\u00e5 Svea Bank skickar betalningen. Detta \u00e4r normalt sett en bankdag innan pengarna n\u00e5r mottagaren.<\/p>\n\n\n\n<p>Tanken med att bokf\u00f6ringen sker mot 1990 och inte mot det faktiska bankkontot har flera anledningar<\/p>\n\n\n\n<ul><li>Integrationen \u201dvet\u201d bara n\u00e4r pengarna \u00e4r k\u00f6ade f\u00f6r utbetalning, ej n\u00e4r pengarna faktiskt landar p\u00e5 mottagarens bankkonto.<br>Att pengarna \u00e4r k\u00f6ade f\u00f6r utbetalning betyder inte n\u00f6dv\u00e4ndigtvis att pengarna kommer fram. Om t ex inget giltigt mottagarnummer finns uppsatt kommer pengarna att \u201dbuffras\u201d tills dess att det finns ett s\u00e5dant.<\/li><li>Om mottagaren har v\u00e4ldigt m\u00e5nga transaktioner p\u00e5 sitt bankkonto, vill man vanligtvis kunna st\u00e4mma av dessa transaktioner dag f\u00f6r dag. Om transaktioner skapas p\u00e5 andra datum \u00e4n faktiskt bokf\u00f6ringsdatum g\u00e5r inte detta.<\/li><\/ul>\n\n\n\n<h3 id=\"tips\">Tips f\u00f6r avst\u00e4mning av utbetalningskontot (1990)<\/h3>\n\n\n\n<p>Om man f\u00f6ljer av integrationen f\u00f6reslagen rutin \u00e4r det enkelt och fels\u00e4kert att st\u00e4mma av banken och mellankontot \/ utbetalningskontot.<\/p>\n\n\n\n<p>N\u00e4r man uppt\u00e4cker inbetalningar fr\u00e5n Svea Bank p\u00e5 bankkontot g\u00f6r man helt enkelt bara en enkel bokning fr\u00e5n 1990 till 1930 (eller de konton man anv\u00e4nder).<\/p>\n\n\n\n<p>Anv\u00e4nder man sig av inbetalningsfiler i Fortnox kommer Sveas utbetalningar upp som avvikelser och dessa styr man d\u00e5 bara mot 1990.<\/p>\n\n\n\n<p>Om man anv\u00e4nder sig av bankintegration med automatisk transaktionshantering anv\u00e4nder man sig av samma princip och <a href=\"https:\/\/ekonomibolaget.se\/wprs\/bokforingsregler-i-fortnox\/\" data-type=\"page\" data-id=\"738\">styr helt enkelt bara inbetalningarna fr\u00e5n Svea Bank mot 1990<\/a>.<\/p>\n\n\n\n<h3>Direktbokning mot banken<\/h3>\n\n\n\n<p>Om man \u00e4nd\u00e5 vill att integrationen skall boka direkt mot bankkontot ist\u00e4llet f\u00f6r ett mellankonto, s\u00e5 kan vi st\u00e4lla in detta. Vi anser dock att det inte \u00e4r bokf\u00f6ringsm\u00e4ssigt korrekt och det blir sv\u00e5rare att uppt\u00e4cka eventuella fel i bokningarna mot banken.<\/p>\n","protected":false},"excerpt":{"rendered":"<p>Fortnox-integrationen&nbsp;mot Svea Bank bokf\u00f6r som standard utbetalningar som skickas fr\u00e5n Svea Bank mot konto 1990. Bokf\u00f6ringsdatumet \u00e4r det datum d\u00e5 Svea Bank skickar betalningen. Detta \u00e4r normalt sett en bankdag innan pengarna n\u00e5r mottagaren. Tanken med att bokf\u00f6ringen sker mot 1990 och inte mot det faktiska bankkontot har flera anledningar Integrationen \u201dvet\u201d bara n\u00e4r pengarna &hellip; <a href=\"https:\/\/ekonomibolaget.se\/wprs\/avstamning-mot-banken-svea-fortnox\/\" class=\"more-link\">Forts\u00e4tt l\u00e4sa<span class=\"screen-reader-text\"> &#8221;Avst\u00e4mning mot bank &#8211; Svea e-handel \/ Fortnox&#8221;<\/span><\/a><\/p>\n","protected":false},"author":1,"featured_media":0,"parent":0,"menu_order":0,"comment_status":"closed","ping_status":"closed","template":"","meta":[],"_links":{"self":[{"href":"https:\/\/ekonomibolaget.se\/wprs\/wp-json\/wp\/v2\/pages\/718"}],"collection":[{"href":"https:\/\/ekonomibolaget.se\/wprs\/wp-json\/wp\/v2\/pages"}],"about":[{"href":"https:\/\/ekonomibolaget.se\/wprs\/wp-json\/wp\/v2\/types\/page"}],"author":[{"embeddable":true,"href":"https:\/\/ekonomibolaget.se\/wprs\/wp-json\/wp\/v2\/users\/1"}],"replies":[{"embeddable":true,"href":"https:\/\/ekonomibolaget.se\/wprs\/wp-json\/wp\/v2\/comments?post=718"}],"version-history":[{"count":6,"href":"https:\/\/ekonomibolaget.se\/wprs\/wp-json\/wp\/v2\/pages\/718\/revisions"}],"predecessor-version":[{"id":876,"href":"https:\/\/ekonomibolaget.se\/wprs\/wp-json\/wp\/v2\/pages\/718\/revisions\/876"}],"wp:attachment":[{"href":"https:\/\/ekonomibolaget.se\/wprs\/wp-json\/wp\/v2\/media?parent=718"}],"curies":[{"name":"wp","href":"https:\/\/api.w.org\/{rel}","templated":true}]}}