{"id":738,"date":"2023-09-15T15:02:22","date_gmt":"2023-09-15T13:02:22","guid":{"rendered":"http:\/\/ekonomibolaget.se\/wprs\/?page_id=738"},"modified":"2025-05-28T14:53:18","modified_gmt":"2025-05-28T12:53:18","slug":"bokforingsregler-i-fortnox","status":"publish","type":"page","link":"https:\/\/ekonomibolaget.se\/wprs\/bokforingsregler-i-fortnox\/","title":{"rendered":"Bokf\u00f6ringsregler i Fortnox"},"content":{"rendered":"\n<p>Om man har aktiverat bankkoppling med automatisk transaktionshantering kan man skapa regler f\u00f6r \u00e5terkommande transaktioner.<\/p>\n\n\n\n<p>Se nedan screenshots med r\u00f6dmarkeringar som guide f\u00f6r hur man l\u00e4gger upp en bokf\u00f6ringsregel.<\/p>\n\n\n\n<figure class=\"wp-block-image size-large\"><img loading=\"lazy\" width=\"807\" height=\"656\" src=\"https:\/\/ekonomibolaget.se\/wprs\/wp-content\/uploads\/2023\/09\/Fortnox_Transaktioner.png\" alt=\"\" class=\"wp-image-742\" srcset=\"https:\/\/ekonomibolaget.se\/wprs\/wp-content\/uploads\/2023\/09\/Fortnox_Transaktioner.png 807w, https:\/\/ekonomibolaget.se\/wprs\/wp-content\/uploads\/2023\/09\/Fortnox_Transaktioner-300x244.png 300w, https:\/\/ekonomibolaget.se\/wprs\/wp-content\/uploads\/2023\/09\/Fortnox_Transaktioner-768x624.png 768w\" sizes=\"(max-width: 807px) 85vw, 807px\" \/><\/figure>\n\n\n\n<figure class=\"wp-block-image size-large\"><img loading=\"lazy\" width=\"981\" height=\"936\" src=\"https:\/\/ekonomibolaget.se\/wprs\/wp-content\/uploads\/2023\/09\/Fortnox_regelverk.png\" alt=\"\" class=\"wp-image-741\" srcset=\"https:\/\/ekonomibolaget.se\/wprs\/wp-content\/uploads\/2023\/09\/Fortnox_regelverk.png 981w, https:\/\/ekonomibolaget.se\/wprs\/wp-content\/uploads\/2023\/09\/Fortnox_regelverk-300x286.png 300w, https:\/\/ekonomibolaget.se\/wprs\/wp-content\/uploads\/2023\/09\/Fortnox_regelverk-768x733.png 768w\" sizes=\"(max-width: 709px) 85vw, (max-width: 909px) 67vw, (max-width: 1362px) 62vw, 840px\" \/><\/figure>\n\n\n\n<figure class=\"wp-block-image size-large\"><img loading=\"lazy\" width=\"818\" height=\"933\" src=\"https:\/\/ekonomibolaget.se\/wprs\/wp-content\/uploads\/2023\/09\/Fortnox_ny_regel.png\" alt=\"\" class=\"wp-image-740\" srcset=\"https:\/\/ekonomibolaget.se\/wprs\/wp-content\/uploads\/2023\/09\/Fortnox_ny_regel.png 818w, https:\/\/ekonomibolaget.se\/wprs\/wp-content\/uploads\/2023\/09\/Fortnox_ny_regel-263x300.png 263w, https:\/\/ekonomibolaget.se\/wprs\/wp-content\/uploads\/2023\/09\/Fortnox_ny_regel-768x876.png 768w\" sizes=\"(max-width: 818px) 85vw, 818px\" \/><\/figure>\n\n\n\n<p>Regeln kan t ex se ut enligt nedan:<\/p>\n\n\n\n<figure class=\"wp-block-image size-large\"><img loading=\"lazy\" width=\"983\" height=\"685\" src=\"https:\/\/ekonomibolaget.se\/wprs\/wp-content\/uploads\/2025\/05\/bild.png\" alt=\"\" class=\"wp-image-906\" srcset=\"https:\/\/ekonomibolaget.se\/wprs\/wp-content\/uploads\/2025\/05\/bild.png 983w, https:\/\/ekonomibolaget.se\/wprs\/wp-content\/uploads\/2025\/05\/bild-300x209.png 300w, https:\/\/ekonomibolaget.se\/wprs\/wp-content\/uploads\/2025\/05\/bild-768x535.png 768w\" sizes=\"(max-width: 709px) 85vw, (max-width: 909px) 67vw, (max-width: 1362px) 62vw, 840px\" \/><\/figure>\n\n\n\n<p><\/p>\n","protected":false},"excerpt":{"rendered":"<p>Om man har aktiverat bankkoppling med automatisk transaktionshantering kan man skapa regler f\u00f6r \u00e5terkommande transaktioner. Se nedan screenshots med r\u00f6dmarkeringar som guide f\u00f6r hur man l\u00e4gger upp en bokf\u00f6ringsregel. Regeln kan t ex se ut enligt nedan:<\/p>\n","protected":false},"author":1,"featured_media":0,"parent":0,"menu_order":0,"comment_status":"closed","ping_status":"closed","template":"","meta":[],"_links":{"self":[{"href":"https:\/\/ekonomibolaget.se\/wprs\/wp-json\/wp\/v2\/pages\/738"}],"collection":[{"href":"https:\/\/ekonomibolaget.se\/wprs\/wp-json\/wp\/v2\/pages"}],"about":[{"href":"https:\/\/ekonomibolaget.se\/wprs\/wp-json\/wp\/v2\/types\/page"}],"author":[{"embeddable":true,"href":"https:\/\/ekonomibolaget.se\/wprs\/wp-json\/wp\/v2\/users\/1"}],"replies":[{"embeddable":true,"href":"https:\/\/ekonomibolaget.se\/wprs\/wp-json\/wp\/v2\/comments?post=738"}],"version-history":[{"count":4,"href":"https:\/\/ekonomibolaget.se\/wprs\/wp-json\/wp\/v2\/pages\/738\/revisions"}],"predecessor-version":[{"id":908,"href":"https:\/\/ekonomibolaget.se\/wprs\/wp-json\/wp\/v2\/pages\/738\/revisions\/908"}],"wp:attachment":[{"href":"https:\/\/ekonomibolaget.se\/wprs\/wp-json\/wp\/v2\/media?parent=738"}],"curies":[{"name":"wp","href":"https:\/\/api.w.org\/{rel}","templated":true}]}}