{"id":779,"date":"2023-11-09T13:23:43","date_gmt":"2023-11-09T12:23:43","guid":{"rendered":"http:\/\/ekonomibolaget.se\/wprs\/?page_id=779"},"modified":"2023-11-09T13:23:43","modified_gmt":"2023-11-09T12:23:43","slug":"koncernbidrag","status":"publish","type":"page","link":"https:\/\/ekonomibolaget.se\/wprs\/services\/deklarationer\/koncernbidrag\/","title":{"rendered":"Koncernbidrag"},"content":{"rendered":"\n<p>Koncernbidrag \u00e4r ett s\u00e4tt att utj\u00e4mna resultatet mellan olika bolag i samma koncern. Skillnaden mellan fakturering mellan bolagen och koncernbidrag \u00e4r att koncernbidrag inte kr\u00e4ver en motprestation.<\/p>\n\n\n\n<p>Koncernbidrag \u00e4r avdragsgillt och givaren och skattepliktigt hos mottagaren.<\/p>\n\n\n\n<p><strong>Reglerna som beskrivs nedan \u00e4r f\u00f6renklade och generaliserade f\u00f6r svenska AB. Det finns \u00e4ven undantag fr\u00e5n nedan regler.<\/strong><\/p>\n\n\n\n<p>Se <a href=\"https:\/\/www.skatteverket.se\/foretag\/drivaforetag\/foretagsformer\/aktiebolag\/koncernbidrag.4.109dcbe71721adafd257604.html\" target=\"_blank\" rel=\"noreferrer noopener\">skatteverkets aktuella regler<\/a> f\u00f6r alla detaljer.<\/p>\n\n\n\n<p>Koncernbidrag kan l\u00e4mnas mellan moderf\u00f6retag och dotterf\u00f6retag samt mellan dotterf\u00f6retag.<\/p>\n\n\n\n<h5>Moderf\u00f6retag<\/h5>\n\n\n\n<p>Moderf\u00f6retag \u00e4ger mer \u00e4n 90% av andelarna.<\/p>\n\n\n\n<h5>Dotterf\u00f6retag<\/h5>\n\n\n\n<p>Det bolag som \u00e4gs av ett moderf\u00f6retag.<\/p>\n\n\n\n<h5>F\u00f6ruts\u00e4ttningar f\u00f6r koncernbidrag<\/h5>\n\n\n\n<ul><li>Det m\u00e5ste ha skett en v\u00e4rde\u00f6verf\u00f6ring mellan f\u00f6retagen senast den dag givaren av koncernbidraget skall l\u00e4mna sin inkomstdeklaration.<\/li><li>Dotterf\u00f6retag som ger eller tar emot koncernbidrag m\u00e5ste ha varit hel\u00e4gt (mer \u00e4n 90%) under givarens och mottagarens hela beskattnings\u00e5r eller sedan dotterf\u00f6retaget b\u00f6rjade bedriva verksamhet.<\/li><\/ul>\n","protected":false},"excerpt":{"rendered":"<p>Koncernbidrag \u00e4r ett s\u00e4tt att utj\u00e4mna resultatet mellan olika bolag i samma koncern. Skillnaden mellan fakturering mellan bolagen och koncernbidrag \u00e4r att koncernbidrag inte kr\u00e4ver en motprestation. Koncernbidrag \u00e4r avdragsgillt och givaren och skattepliktigt hos mottagaren. Reglerna som beskrivs nedan \u00e4r f\u00f6renklade och generaliserade f\u00f6r svenska AB. Det finns \u00e4ven undantag fr\u00e5n nedan regler. Se &hellip; <a href=\"https:\/\/ekonomibolaget.se\/wprs\/services\/deklarationer\/koncernbidrag\/\" class=\"more-link\">Forts\u00e4tt l\u00e4sa<span class=\"screen-reader-text\"> &#8221;Koncernbidrag&#8221;<\/span><\/a><\/p>\n","protected":false},"author":1,"featured_media":0,"parent":66,"menu_order":0,"comment_status":"closed","ping_status":"closed","template":"","meta":[],"_links":{"self":[{"href":"https:\/\/ekonomibolaget.se\/wprs\/wp-json\/wp\/v2\/pages\/779"}],"collection":[{"href":"https:\/\/ekonomibolaget.se\/wprs\/wp-json\/wp\/v2\/pages"}],"about":[{"href":"https:\/\/ekonomibolaget.se\/wprs\/wp-json\/wp\/v2\/types\/page"}],"author":[{"embeddable":true,"href":"https:\/\/ekonomibolaget.se\/wprs\/wp-json\/wp\/v2\/users\/1"}],"replies":[{"embeddable":true,"href":"https:\/\/ekonomibolaget.se\/wprs\/wp-json\/wp\/v2\/comments?post=779"}],"version-history":[{"count":1,"href":"https:\/\/ekonomibolaget.se\/wprs\/wp-json\/wp\/v2\/pages\/779\/revisions"}],"predecessor-version":[{"id":780,"href":"https:\/\/ekonomibolaget.se\/wprs\/wp-json\/wp\/v2\/pages\/779\/revisions\/780"}],"up":[{"embeddable":true,"href":"https:\/\/ekonomibolaget.se\/wprs\/wp-json\/wp\/v2\/pages\/66"}],"wp:attachment":[{"href":"https:\/\/ekonomibolaget.se\/wprs\/wp-json\/wp\/v2\/media?parent=779"}],"curies":[{"name":"wp","href":"https:\/\/api.w.org\/{rel}","templated":true}]}}