{"id":798,"date":"2023-12-28T16:54:28","date_gmt":"2023-12-28T15:54:28","guid":{"rendered":"http:\/\/ekonomibolaget.se\/wprs\/?page_id=798"},"modified":"2023-12-28T17:05:43","modified_gmt":"2023-12-28T16:05:43","slug":"utdelning","status":"publish","type":"page","link":"https:\/\/ekonomibolaget.se\/wprs\/services\/arsredovisning\/utdelning\/","title":{"rendered":"Utdelning"},"content":{"rendered":"\n<p>Utdelning fr\u00e5n aktiebolag kan delas upp i nedan kategorier<\/p>\n\n\n\n<ul><li>K10 &#8211; f\u00e5mansf\u00f6retag<\/li><li>K12 &#8211; kallas \u00e4ven 5\/25<\/li><li>Annan utdelning<\/li><\/ul>\n\n\n\n<h3>K10 &#8211; f\u00e5mansf\u00f6retag<\/h3>\n\n\n\n<p>Utdelning via K10 \u00e4r till\u00e4mpbart p\u00e5 bolag med ett litet antal aktie\u00e4gare och aktie\u00e4garna \u00e4r aktiva i bolaget. Detta kallas ibland kvalificerade andelar.<\/p>\n\n\n\n<p>Utdelning under K10 beskattas med 20% s\u00e5 l\u00e4nge utdelningen ligger inom det s\u00e5 kallade utdelningsutrymmet. Om utdelningen \u00e4r h\u00f6gre \u00e4n utdelningsutrymmet beskattas den som l\u00f6n (upp till en viss gr\u00e4ns som ligger p\u00e5 ca  6,8 Mkr f\u00f6r 2023). \u00d6ver denna gr\u00e4ns beskattas utdelningen till 30%.<\/p>\n\n\n\n<p>Utdelningsutrymme ackumuleras f\u00f6r varje helt kalender\u00e5r som aktierna \u00e4gs av del\u00e4garen.<\/p>\n\n\n\n<p>Utrymmet ber\u00e4knas antingen via f\u00f6renklingsregeln eller huvudregeln.<\/p>\n\n\n\n<h4>F\u00f6renklingsregeln<\/h4>\n\n\n\n<p>F\u00f6renklingsregeln kan enbart anv\u00e4ndas p\u00e5 ett och enbart ett bolag f\u00f6r en och samma fysiska aktie\u00e4gare. Har man flera bolag m\u00e5ste man v\u00e4lja ett av bolagen. Det g\u00e5r dock att v\u00e4xla mellan beskattnings\u00e5ren.<\/p>\n\n\n\n<p>F\u00f6renklingsregeln inneb\u00e4r att utdelningsutrymmet r\u00e4knas upp med 2,75 inkomstbasbelopp under bolagets intj\u00e4nande\u00e5r, dvs det \u00e5r som utdelningen tj\u00e4nades in i bolaget.<\/p>\n\n\n\n<p>Om man har sparat utdelningsutrymme fr\u00e5n tidigare r\u00e4knas det upp med en viss procentsats, senast 3,51% (beskattning 2023)<\/p>\n\n\n\n<p>Om det \u00e4r flera del\u00e4gare f\u00f6rdelas utdelningsutrymmet utifr\u00e5n \u00e4garnas respektive andel.<\/p>\n\n\n\n<h4>Huvudregeln<\/h4>\n\n\n\n<p>Huvudregeln g\u00e5r alltid att anv\u00e4nda.<\/p>\n\n\n\n<p>Grundregeln \u00e4r att givet att aktie\u00e4garen eller n\u00e4rst\u00e5ende till aktie\u00e4garen kommer upp i en viss l\u00f6n utbetald fr\u00e5n bolaget (och\/eller koncernen) s\u00e5 blir utdelningsutrymmet h\u00e4lften av bolagets totala bruttol\u00f6ner.<\/p>\n\n\n\n<p>Tillr\u00e4cklig l\u00f6n \u00e4r antingen<\/p>\n\n\n\n<ul><li>6 * inkomstprisbasbelopp + 5% av bolagets\/koncernens totala l\u00f6ner<\/li><li>9,6 * inkomstprisbasbelopp.<\/li><\/ul>\n\n\n\n<p>Ber\u00e4kningarna g\u00f6rs f\u00f6r \u00e5ret d\u00e5 l\u00f6nerna betalas ut och g\u00e4ller f\u00f6r utdelning \u00e5ret efter, dvs samma som f\u00f6r f\u00f6renklingsregeln.<\/p>\n\n\n\n<h3>K12 utdelning<\/h3>\n\n\n\n<p>Utdelning enligt K12 \u00e4r s\u00e5 kallade okvalificerade andelar d\u00e4r \u00e4garen har en bevisligen passiv roll i bolaget.<\/p>\n\n\n\n<p>Utdelning via K12 beskattas med 25% skatt utan beloppsbegr\u00e4nsning.<\/p>\n\n\n\n<p>Om bolaget \u00e4r b\u00f6rsnoterat (avr\u00e4kningsbolag) applicerar _INTE_ K12 reglerna. Utdelning fr\u00e5n b\u00f6rsnoterade bolag beskattas med 30% kapitalskatt.<\/p>\n\n\n\n<h3>Mer information<\/h3>\n\n\n\n<p>Mer information om utdelning hittar ni p\u00e5 <a rel=\"noreferrer noopener\" href=\"https:\/\/www4.skatteverket.se\/rattsligvagledning\/edition\/2023.16\/331683.html\" target=\"_blank\">Skatteverkets webplats<\/a>.<\/p>\n\n\n\n<p>Se \u00e4ven v\u00e5r <a href=\"https:\/\/ekonomibolaget.se\/wprs\/services\/arsredovisning\/utdelningskalkylator\/\" data-type=\"page\" data-id=\"324\">utdelningskalkylator<\/a> f\u00f6r hj\u00e4lp att ber\u00e4kna utdelningsutrymme.<\/p>\n","protected":false},"excerpt":{"rendered":"<p>Utdelning fr\u00e5n aktiebolag kan delas upp i nedan kategorier K10 &#8211; f\u00e5mansf\u00f6retag K12 &#8211; kallas \u00e4ven 5\/25 Annan utdelning K10 &#8211; f\u00e5mansf\u00f6retag Utdelning via K10 \u00e4r till\u00e4mpbart p\u00e5 bolag med ett litet antal aktie\u00e4gare och aktie\u00e4garna \u00e4r aktiva i bolaget. Detta kallas ibland kvalificerade andelar. Utdelning under K10 beskattas med 20% s\u00e5 l\u00e4nge utdelningen ligger &hellip; <a href=\"https:\/\/ekonomibolaget.se\/wprs\/services\/arsredovisning\/utdelning\/\" class=\"more-link\">Forts\u00e4tt l\u00e4sa<span class=\"screen-reader-text\"> &#8221;Utdelning&#8221;<\/span><\/a><\/p>\n","protected":false},"author":1,"featured_media":0,"parent":45,"menu_order":10,"comment_status":"closed","ping_status":"closed","template":"","meta":[],"_links":{"self":[{"href":"https:\/\/ekonomibolaget.se\/wprs\/wp-json\/wp\/v2\/pages\/798"}],"collection":[{"href":"https:\/\/ekonomibolaget.se\/wprs\/wp-json\/wp\/v2\/pages"}],"about":[{"href":"https:\/\/ekonomibolaget.se\/wprs\/wp-json\/wp\/v2\/types\/page"}],"author":[{"embeddable":true,"href":"https:\/\/ekonomibolaget.se\/wprs\/wp-json\/wp\/v2\/users\/1"}],"replies":[{"embeddable":true,"href":"https:\/\/ekonomibolaget.se\/wprs\/wp-json\/wp\/v2\/comments?post=798"}],"version-history":[{"count":2,"href":"https:\/\/ekonomibolaget.se\/wprs\/wp-json\/wp\/v2\/pages\/798\/revisions"}],"predecessor-version":[{"id":801,"href":"https:\/\/ekonomibolaget.se\/wprs\/wp-json\/wp\/v2\/pages\/798\/revisions\/801"}],"up":[{"embeddable":true,"href":"https:\/\/ekonomibolaget.se\/wprs\/wp-json\/wp\/v2\/pages\/45"}],"wp:attachment":[{"href":"https:\/\/ekonomibolaget.se\/wprs\/wp-json\/wp\/v2\/media?parent=798"}],"curies":[{"name":"wp","href":"https:\/\/api.w.org\/{rel}","templated":true}]}}