{"id":803,"date":"2024-01-25T10:03:40","date_gmt":"2024-01-25T09:03:40","guid":{"rendered":"http:\/\/ekonomibolaget.se\/wprs\/?page_id=803"},"modified":"2025-11-19T10:33:27","modified_gmt":"2025-11-19T09:33:27","slug":"prislista","status":"publish","type":"page","link":"https:\/\/ekonomibolaget.se\/wprs\/prislista\/","title":{"rendered":"Prislista"},"content":{"rendered":"\n<p>Vi v\u00e4ljer att publicera v\u00e5ra prisniv\u00e5er \u00f6ppet s\u00e5 att ni enkelt kan j\u00e4mf\u00f6ra. Vi har knutit v\u00e5ra priser till prisbasbeloppet s\u00e5 att vi kan f\u00f6lja inflationen med automatik och d\u00e4rmed inte \u00f6ka v\u00e5ra priser relativt priset p\u00e5 pengar.<\/p>\n\n\n\n<p>Priset i SEK\/timme ber\u00e4knas till n\u00e4rmaste 10-tal SEK relativt prisbasbeloppet.<\/p>\n\n\n\n<figure class=\"wp-block-table\"><table><tbody><tr><td><strong>Uppgift<\/strong>                                                     <\/td><td><strong>Pris i % av PBB<\/strong><\/td><td><strong>Timpris i<\/strong><br><strong>SEK 2023<\/strong><\/td><td><strong>Timpris i<\/strong><br><strong>SEK 2024<\/strong><\/td><td><strong>Timpris i<\/strong><br><strong>SEK 2025<\/strong><\/td><\/tr><tr><td>L\u00f6pande redovisning<\/td><td>1,24%<\/td><td>650<\/td><td>710<\/td><td>730<\/td><\/tr><tr><td>L\u00f6ner<\/td><td>1,43%<\/td><td>750<\/td><td>820<\/td><td>840<\/td><\/tr><tr><td>Bokslut och \u00e5rsredovisning<\/td><td>1,55%<\/td><td>810<\/td><td>890<\/td><td>910<\/td><\/tr><tr><td>Likvidationsarbete<\/td><td>1,55%<\/td><td>810<\/td><td>890<\/td><td>910<\/td><\/tr><tr><td>Inkomstdeklaration<\/td><td>1,66%<\/td><td>870<\/td><td>950<\/td><td>980<\/td><\/tr><tr><td>R\u00e5dgivning och \u00f6vrig konsultation inom redovisning\/ekonomi\/skatt<\/td><td>1,55%<\/td><td>810<\/td><td>890<\/td><td>910<\/td><\/tr><tr><td>Revision (ej aukt \/ godk)<\/td><td>1,55%<\/td><td>810<\/td><td>890<\/td><td>910<\/td><\/tr><tr><td>IT-konsult \/ integrationstj\u00e4nster<\/td><td>2,46%<\/td><td>1290<\/td><td>1410<\/td><td>1450<\/td><\/tr><tr><td>Specifik namngiven konsult<\/td><td>Enligt konsultens timtaxa.<\/td><\/tr><\/tbody><\/table><\/figure>\n\n\n\n<p>Timmar summeras till faktiskt nedlagd tid under m\u00e5naden. Exempelvis summeras tre arbetade perioder \u00e1 5, 10 respektive 45 minuter till 1 timme.<\/p>\n\n\n\n<p>Alla priser \u00e4r angivna exklusive moms.<\/p>\n\n\n\n<p>Vi till\u00e4mpar <a href=\"https:\/\/www.faronline.se\/dokument\/far\/villkor-och-uppdragsbrev\/allmannavillkorrad\/\" target=\"_blank\" rel=\"noreferrer noopener\">FARs allm\u00e4nna villkor<\/a> f\u00f6r v\u00e5ra redovisningsuppdrag.<\/p>\n\n\n\n<h2>Hur vi t\u00e4nker runt priser<\/h2>\n\n\n\n<p>Vi erbjuder er v\u00e5r tid och vi tar betalt f\u00f6r den tid vi spenderar p\u00e5 att hantera ert bolag. Med den kompetens och erfarenhet vi har str\u00e4var vi efter att l\u00e4gga s\u00e5 lite tid som m\u00f6jligt p\u00e5 att sk\u00f6ta ert bolag samtidigt som vi h\u00e5ller en s\u00e5 h\u00f6g niv\u00e5 p\u00e5 korrekthet och sp\u00e5rbarhet som m\u00f6jligt och att regelverken kring bokf\u00f6ring och beskattning f\u00f6ljs.<\/p>\n\n\n\n<p>Med bra rutiner och gott samarbete med dig som kund kan vi minimera tiden det tar att utf\u00f6ra uppdraget.<\/p>\n\n\n\n<p>N\u00e4r ett uppdrag tar mycket tid i f\u00f6rh\u00e5llande till transaktioner beror det v\u00e4ldigt ofta p\u00e5 att det finns oklarheter eller komplexitet kring transaktionerna och vi har sv\u00e5rt att f\u00e5 fram information om dessa. Den informationen m\u00e5ste bolaget tillhandah\u00e5lla oss. Ett bra informationsfl\u00f6de \u00e4r nyckeln till effektiv bokf\u00f6ring.<\/p>\n\n\n\n<h2>Fastprisuppdrag<\/h2>\n\n\n\n<p>Vi jobbar inte med fasta priser f\u00f6r uppdrag annat \u00e4n det som \u00e4r listat i prislistan.<\/p>\n\n\n\n<p>Vi kan g\u00f6ra en prisuppskattning inf\u00f6r ett uppdrag men av erfarenhet har vi l\u00e4rt oss att r\u00f6rligt pris, dvs pris f\u00f6r nedlagd anstr\u00e4ngning \/ tid \u00e4r det som \u00e4r mest r\u00e4ttvist f\u00f6r b\u00e5da parter samt ger b\u00e4st incitament att jobba effektivt. Ett problem med fastprisuppdrag \u00e4r \u00e4ven att definiera vad som ing\u00e5r i ett s\u00e5dant uppdrag samt att f\u00f6ruts\u00e4ttningarna s\u00e4llan \u00e4r k\u00e4nda vid priss\u00e4ttningen.<\/p>\n\n\n\n<h2>Uppstartskostnader<\/h2>\n\n\n\n<p>Uppstart av ett uppdrag drar i regel alltid mer tid \u00e4n efter att vi f\u00e5tt ig\u00e5ng uppdraget och satt rutiner. Detta betyder att det \u00e4r vanligt att uppdraget har en h\u00f6gre kostnad i b\u00f6rjan f\u00f6r att sedan plana ut till ett f\u00f6rhoppningsvis rimlig kostnad i f\u00f6rh\u00e5llande till uppdraget. I slut\u00e4ndan handlar det om vilka rutiner vi tillsammans kan s\u00e4tta.<\/p>\n\n\n\n<h2>Prisunders\u00f6kning<\/h2>\n\n\n\n<p>Ageras har under 2022 gjort en intressant <a rel=\"noreferrer noopener\" href=\"https:\/\/www.ageras.se\/blogg\/redovisningsbyraa-priser\" target=\"_blank\">prisunders\u00f6kning som ni kan l\u00e4sa h\u00e4r<\/a>. R\u00e4knar man p\u00e5 2022 l\u00e5g vi under deras l\u00e4gsta timpris-intervall, vilket g\u00f6r att vi bed\u00f6mer att vi ligger bra till prism\u00e4ssigt sett ur kundens perspektiv.<\/p>\n","protected":false},"excerpt":{"rendered":"<p>Vi v\u00e4ljer att publicera v\u00e5ra prisniv\u00e5er \u00f6ppet s\u00e5 att ni enkelt kan j\u00e4mf\u00f6ra. Vi har knutit v\u00e5ra priser till prisbasbeloppet s\u00e5 att vi kan f\u00f6lja inflationen med automatik och d\u00e4rmed inte \u00f6ka v\u00e5ra priser relativt priset p\u00e5 pengar. Priset i SEK\/timme ber\u00e4knas till n\u00e4rmaste 10-tal SEK relativt prisbasbeloppet. Uppgift Pris i % av PBB Timpris &hellip; <a href=\"https:\/\/ekonomibolaget.se\/wprs\/prislista\/\" class=\"more-link\">Forts\u00e4tt l\u00e4sa<span class=\"screen-reader-text\"> &#8221;Prislista&#8221;<\/span><\/a><\/p>\n","protected":false},"author":1,"featured_media":0,"parent":0,"menu_order":0,"comment_status":"closed","ping_status":"closed","template":"","meta":[],"_links":{"self":[{"href":"https:\/\/ekonomibolaget.se\/wprs\/wp-json\/wp\/v2\/pages\/803"}],"collection":[{"href":"https:\/\/ekonomibolaget.se\/wprs\/wp-json\/wp\/v2\/pages"}],"about":[{"href":"https:\/\/ekonomibolaget.se\/wprs\/wp-json\/wp\/v2\/types\/page"}],"author":[{"embeddable":true,"href":"https:\/\/ekonomibolaget.se\/wprs\/wp-json\/wp\/v2\/users\/1"}],"replies":[{"embeddable":true,"href":"https:\/\/ekonomibolaget.se\/wprs\/wp-json\/wp\/v2\/comments?post=803"}],"version-history":[{"count":14,"href":"https:\/\/ekonomibolaget.se\/wprs\/wp-json\/wp\/v2\/pages\/803\/revisions"}],"predecessor-version":[{"id":925,"href":"https:\/\/ekonomibolaget.se\/wprs\/wp-json\/wp\/v2\/pages\/803\/revisions\/925"}],"wp:attachment":[{"href":"https:\/\/ekonomibolaget.se\/wprs\/wp-json\/wp\/v2\/media?parent=803"}],"curies":[{"name":"wp","href":"https:\/\/api.w.org\/{rel}","templated":true}]}}