{"id":919,"date":"2025-06-23T11:15:08","date_gmt":"2025-06-23T09:15:08","guid":{"rendered":"http:\/\/ekonomibolaget.se\/wprs\/?page_id=919"},"modified":"2025-06-23T11:15:08","modified_gmt":"2025-06-23T09:15:08","slug":"deklarationen-inskickad","status":"publish","type":"page","link":"https:\/\/ekonomibolaget.se\/wprs\/deklarationen-inskickad\/","title":{"rendered":"Deklarationen inskickad"},"content":{"rendered":"\n<p>N\u00e4r deklarationen \u00e4r inskickad har deklarationsskyldigheten uppfyllts.<\/p>\n\n\n\n<h3>Ber\u00e4knad skatt att betala<\/h3>\n\n\n\n<p>Om man har skatt att betala, dvs den prelimin\u00e4ra skatten \u00e4r l\u00e4gre \u00e4n den slutliga ber\u00e4knade skatten har man kvarskatt.<\/p>\n\n\n\n<p>Skatteverket vill optimalt f\u00e5 in skatt allteftersom man tj\u00e4nar in sina vinster, d\u00e4rav konstruktionen med prelimin\u00e4rskatt.<\/p>\n\n\n\n<p>Om det visar sig att man tj\u00e4nar mer \u00e4n vad man betalar i skatt r\u00e4knar Skatteverket en r\u00e4nta p\u00e5 mellanskillnaden p\u00e5 den skatt man borde betalt och den skatt man har betalt. Om det \u00e4r stora belopp (>100 kSEK) kan r\u00e4ntan bli mer \u00e4n obetydlig.<\/p>\n\n\n\n<p>F\u00f6r att minska denna r\u00e4nta kan man antingen se till att saldot p\u00e5 Skattekontot motsvarar kvarskatten eller g\u00f6ra en prelimin\u00e4r inkomstdeklaration och be Skatteverket prelimin\u00e4rt besluta om att dra den ber\u00e4knade kvarskatten fr\u00e5n Skattekontot.<\/p>\n\n\n\n<h3>Ber\u00e4knad skatt att f\u00e5 tillbaka<\/h3>\n\n\n\n<p>Om man har ber\u00e4knad skatt att f\u00e5 tillbaka och inte vill v\u00e4nta tills dess att Skatteverket beslutar om att fastst\u00e4lla inkomstdeklarationen kan man l\u00e4mna en prelimin\u00e4r inkomstdeklaration f\u00f6r att erh\u00e5lla mellanskillnaden.<\/p>\n\n\n\n<h3>Beslut<\/h3>\n\n\n\n<p>N\u00e4r man l\u00e4mnat inkomstdeklarationen har man f\u00f6reslagit en deklaration till Skatteverket och Skatteverket kan d\u00e5 g\u00f6ra n\u00e5got av f\u00f6ljande:<\/p>\n\n\n\n<ul><li>St\u00e4lla fr\u00e5gor om deklarationen<\/li><li>Godk\u00e4nna deklarationen<\/li><\/ul>\n\n\n\n<p>Om Skatteverket st\u00e4ller fr\u00e5gor om deklarationen vill de vanligtvis ha svar p\u00e5 olika detaljer kring de redovisade beloppen. Om svaret \u00e4r tillfredsst\u00e4llande godk\u00e4nns deklarationen. Om svaret inte \u00e4r tillfredsst\u00e4llande kan Skatteverket g\u00f6ra en egen bed\u00f6mning och f\u00f6resl\u00e5 andra siffror.<\/p>\n\n\n\n<h3>Tidsramar<\/h3>\n\n\n\n<p>Skatteverket garanterar aldrig n\u00e4r inkomstdeklarationen \u00e4r godk\u00e4nd men det sker i regel ca 2-8 m\u00e5nader efter att deklarationen l\u00e4mnades. N\u00e4r deklarationen \u00e4r godk\u00e4nd ger Skatteverket ett datum n\u00e4r eventuell kvarskatt senast skall vara betald. F\u00f6r bolag med r\u00e4kenskaps\u00e5r som slutar 31\/12 brukar denna tidpunkt infalla senast 12:e mars \u00e5ret efter deklarationen l\u00e4mnades in.<\/p>\n","protected":false},"excerpt":{"rendered":"<p>N\u00e4r deklarationen \u00e4r inskickad har deklarationsskyldigheten uppfyllts. Ber\u00e4knad skatt att betala Om man har skatt att betala, dvs den prelimin\u00e4ra skatten \u00e4r l\u00e4gre \u00e4n den slutliga ber\u00e4knade skatten har man kvarskatt. Skatteverket vill optimalt f\u00e5 in skatt allteftersom man tj\u00e4nar in sina vinster, d\u00e4rav konstruktionen med prelimin\u00e4rskatt. Om det visar sig att man tj\u00e4nar mer &hellip; <a href=\"https:\/\/ekonomibolaget.se\/wprs\/deklarationen-inskickad\/\" class=\"more-link\">Forts\u00e4tt l\u00e4sa<span class=\"screen-reader-text\"> &#8221;Deklarationen inskickad&#8221;<\/span><\/a><\/p>\n","protected":false},"author":1,"featured_media":0,"parent":0,"menu_order":0,"comment_status":"closed","ping_status":"closed","template":"","meta":[],"_links":{"self":[{"href":"https:\/\/ekonomibolaget.se\/wprs\/wp-json\/wp\/v2\/pages\/919"}],"collection":[{"href":"https:\/\/ekonomibolaget.se\/wprs\/wp-json\/wp\/v2\/pages"}],"about":[{"href":"https:\/\/ekonomibolaget.se\/wprs\/wp-json\/wp\/v2\/types\/page"}],"author":[{"embeddable":true,"href":"https:\/\/ekonomibolaget.se\/wprs\/wp-json\/wp\/v2\/users\/1"}],"replies":[{"embeddable":true,"href":"https:\/\/ekonomibolaget.se\/wprs\/wp-json\/wp\/v2\/comments?post=919"}],"version-history":[{"count":1,"href":"https:\/\/ekonomibolaget.se\/wprs\/wp-json\/wp\/v2\/pages\/919\/revisions"}],"predecessor-version":[{"id":920,"href":"https:\/\/ekonomibolaget.se\/wprs\/wp-json\/wp\/v2\/pages\/919\/revisions\/920"}],"wp:attachment":[{"href":"https:\/\/ekonomibolaget.se\/wprs\/wp-json\/wp\/v2\/media?parent=919"}],"curies":[{"name":"wp","href":"https:\/\/api.w.org\/{rel}","templated":true}]}}